{"id":679,"date":"2020-05-05T17:51:38","date_gmt":"2020-05-05T15:51:38","guid":{"rendered":"https:\/\/www.wojcik-groupe.fr\/?page_id=679"},"modified":"2025-01-24T09:42:08","modified_gmt":"2025-01-24T08:42:08","slug":"mentions-legales","status":"publish","type":"page","link":"https:\/\/www.wojcik-groupe.fr\/?page_id=679","title":{"rendered":"mentions l\u00e9gales"},"content":{"rendered":"\n\n\t<section class=\"section\" id=\"section_377334514\">\n\t\t<div class=\"section-bg fill\" >\n\t\t\t\t\t\t\t\t\t\n\t\t\t\n\n\t\t<\/div>\n\n\t\t\n\n\t\t<div class=\"section-content relative\">\n\t\t\t\n\n\t<div id=\"gap-17528829\" class=\"gap-element clearfix\" style=\"display:block; height:auto;\">\n\t\t\n<style>\n#gap-17528829 {\n  padding-top: 50px;\n}\n<\/style>\n\t<\/div>\n\t\n\n<div class=\"row align-center\"  id=\"row-630226611\">\n\n\n\t<div id=\"col-1081129275\" class=\"col medium-4 small-10 large-4\"  >\n\t\t\t\t<div class=\"col-inner\"  >\n\t\t\t\n\t\t\t\n\n<h1><span style=\"font-size: 150%;\">MENTIONS LEGALES<\/span><\/h1>\n<p><span style=\"font-size: 90%;\">Une info? Une question? <\/span><\/p>\n<p><span style=\"font-size: 90%;\"><a href=\"mailto:contact@wojcik-e.fr\">Contactez-nous!<\/a><\/span><\/p>\n\n\t\t<\/div>\n\t\t\t\t\n<style>\n#col-1081129275 > .col-inner {\n  padding: 0px 40px 0px 0px;\n}\n<\/style>\n\t<\/div>\n\n\t\n\n\t<div id=\"col-1762098496\" class=\"col medium-8 small-10 large-8\"  >\n\t\t\t\t<div class=\"col-inner\"  >\n\t\t\t\n\t\t\t\n\n<div>\n<p>Le pr\u00e9sent site internet accessible \u00e0 l\u2019adresse <a href=\"https:\/\/www.wojcik-groupe.fr\">https:\/\/www.wojcik-groupe.fr<\/a> (ci-apr\u00e8s d\u00e9sign\u00e9 le \u00ab\u00a0Site\u00a0\u00bb) est \u00e9dit\u00e9 par la soci\u00e9t\u00e9 WOJCIK ENTREPRISE.<\/p>\n<\/div>\n<div>\n<h2>Identification<\/h2>\n<div>\n<p>WOJCIK ENTREPRISE \/ MEDIACOM<br \/>EURL au capital de 76 224 \u20ac<br \/>RCS AIX EN PCE 402516520<br \/>Si\u00e8ge social : ZI LE PONTET 13590 MEYREUIL (France)<br \/>E-mail de contact :\u00a0<a href=\"mailto:contact@wojcik-e.fr\">contact@wojcik-e.fr<\/a><br \/>T\u00e9l. : 04.42.51.52.46<\/p>\n<h2>Publication<\/h2>\n<\/div>\n<\/div>\n<div>\n<p>Directeur de la publication : Philippe WOJCIK, Directeur.<\/p>\n<p>Contact : Wojcik Entreprise, ZI le Pontet 13590 Meyreuil.<\/p>\n<\/div>\n<div>\n<h2>H\u00e9bergement<\/h2>\n<div>\n<p>Le Site est h\u00e9berg\u00e9 par :<br \/>La Soci\u00e9t\u00e9 : Ionos 1and1<br \/>Siret: 431 303 775 00016<br \/>Si\u00e8ge social : 7 PLACE DE LA GARE 57200 SARREGUEMINES<\/p>\n<\/div>\n<\/div>\n\n\t\t<\/div>\n\t\t\t\t\t<\/div>\n\n\t\n\n<\/div>\n\n\t\t<\/div>\n\n\t\t\n<style>\n#section_377334514 {\n  padding-top: 20px;\n  padding-bottom: 20px;\n}\n<\/style>\n\t<\/section>\n\t\n\n","protected":false},"excerpt":{"rendered":"","protected":false},"author":2,"featured_media":0,"parent":330,"menu_order":0,"comment_status":"closed","ping_status":"closed","template":"page-blank.php","meta":{"footnotes":""},"class_list":["post-679","page","type-page","status-publish","hentry"],"_links":{"self":[{"href":"https:\/\/www.wojcik-groupe.fr\/index.php?rest_route=\/wp\/v2\/pages\/679","targetHints":{"allow":["GET"]}}],"collection":[{"href":"https:\/\/www.wojcik-groupe.fr\/index.php?rest_route=\/wp\/v2\/pages"}],"about":[{"href":"https:\/\/www.wojcik-groupe.fr\/index.php?rest_route=\/wp\/v2\/types\/page"}],"author":[{"embeddable":true,"href":"https:\/\/www.wojcik-groupe.fr\/index.php?rest_route=\/wp\/v2\/users\/2"}],"replies":[{"embeddable":true,"href":"https:\/\/www.wojcik-groupe.fr\/index.php?rest_route=%2Fwp%2Fv2%2Fcomments&post=679"}],"version-history":[{"count":7,"href":"https:\/\/www.wojcik-groupe.fr\/index.php?rest_route=\/wp\/v2\/pages\/679\/revisions"}],"predecessor-version":[{"id":879,"href":"https:\/\/www.wojcik-groupe.fr\/index.php?rest_route=\/wp\/v2\/pages\/679\/revisions\/879"}],"up":[{"embeddable":true,"href":"https:\/\/www.wojcik-groupe.fr\/index.php?rest_route=\/wp\/v2\/pages\/330"}],"wp:attachment":[{"href":"https:\/\/www.wojcik-groupe.fr\/index.php?rest_route=%2Fwp%2Fv2%2Fmedia&parent=679"}],"curies":[{"name":"wp","href":"https:\/\/api.w.org\/{rel}","templated":true}]}}